{"id":557,"date":"2018-12-28T18:39:07","date_gmt":"2018-12-28T18:39:07","guid":{"rendered":"https:\/\/cottony.it\/dev\/?page_id=557"},"modified":"2019-05-24T17:36:18","modified_gmt":"2019-05-24T17:36:18","slug":"incontinenza-leggera","status":"publish","type":"page","link":"https:\/\/cottony.it\/en\/incontinenza-leggera\/","title":{"rendered":"Incontinenza Leggera"},"content":{"rendered":"<p>[vc_row kids-row=&#8221;kids-row-overlap&#8221; kids-parallax=&#8221;true&#8221;][vc_column][vc_row_inner][vc_column_inner width=&#8221;1\/3&#8243;][vc_column_text]<\/p>\n<h3 class=\"incontinenza-title-left\">Sentiti libera!<\/h3>\n<p>Per l\u2019incontinenza leggera scegli \u201cl\u2019esperienza\u201d del cotone.<\/p>\n<h4 class=\"incontinenza-sub-title\">RISPETTO DELLA PELLE<\/h4>\n<p>Studiato per le pelli sensibili perch\u00e9 aiuta a ridurre le irritazioni<\/p>\n<h4 class=\"incontinenza-sub-title\">IPOALLERGENICO<\/h4>\n<p>Il cotone \u00e8 amico della pelle perch\u00e9 \u00e8 compatibile con il suo Ph. Il puro cotone pu\u00f2 aiutare a prevenire e risolvere irritazioni e arrossamenti<\/p>\n<h4 class=\"incontinenza-sub-title\">ASSORBIMENTO RAPIDO<\/h4>\n<p>La struttura a doppia azione del cotone, assorbe rapidamente l\u2019urina e la allontana dalla pelle evitando piccoli inconvenienti<\/p>\n<h4 class=\"incontinenza-sub-title\"><span class=\"contro\">CONTROLLO TERMICO E TRASPIRAZIONE<\/span><\/h4>\n<p>Il cotone consente un ricambio d\u2019aria allontanando il rischio di surriscaldamento della pelle<\/p>\n<h4 class=\"incontinenza-sub-title\"><span class=\"contro\">ANATOMICO E ODORI SOTTO CONTROLLO<\/span><\/h4>\n<p>Grazie al disegno anatomico, gli assorbenti rimangono nella posizione scelta e il sistema del controllo degli odori ti mantiene fresca, pulita e senza imbarazzo[\/vc_column_text][\/vc_column_inner][vc_column_inner width=&#8221;1\/3&#8243;][vc_single_image image=&#8221;477&#8243; img_size=&#8221;large&#8221; alignment=&#8221;center&#8221;][vc_single_image image=&#8221;478&#8243; img_size=&#8221;large&#8221;][\/vc_column_inner][vc_column_inner width=&#8221;1\/3&#8243;][vc_widget_sidebar sidebar_id=&#8221;sidebar-products&#8221;][\/vc_column_inner][\/vc_row_inner][vc_widget_sidebar sidebar_id=&#8221;bottom-products&#8221;][\/vc_column][\/vc_row]<\/p>\n","protected":false},"excerpt":{"rendered":"<p>[vc_row kids-row=&#8221;kids-row-overlap&#8221; kids-parallax=&#8221;true&#8221;][vc_column][vc_row_inner][vc_column_inner width=&#8221;1\/3&#8243;][vc_column_text] Sentiti libera! Per l\u2019incontinenza leggera scegli \u201cl\u2019esperienza\u201d del cotone. RISPETTO DELLA PELLE Studiato per le pelli sensibili perch\u00e9 aiuta a ridurre le irritazioni IPOALLERGENICO Il cotone \u00e8 amico della pelle perch\u00e9 \u00e8 compatibile con il suo Ph. Il puro cotone pu\u00f2 aiutare a prevenire e risolvere irritazioni e arrossamenti ASSORBIMENTO RAPIDO [&hellip;]<\/p>\n","protected":false},"author":1,"featured_media":0,"parent":0,"menu_order":0,"comment_status":"closed","ping_status":"closed","template":"","meta":{"footnotes":""},"class_list":["post-557","page","type-page","status-publish","hentry"],"yoast_head":"<!-- This site is optimized with the Yoast SEO plugin v26.3 - https:\/\/yoast.com\/wordpress\/plugins\/seo\/ -->\n<title>Incontinenza Leggera - Cottony<\/title>\n<meta name=\"robots\" content=\"index, follow, max-snippet:-1, max-image-preview:large, max-video-preview:-1\" \/>\n<link rel=\"canonical\" href=\"https:\/\/cottony.it\/en\/incontinenza-leggera\/\" \/>\n<meta property=\"og:locale\" content=\"en_US\" \/>\n<meta property=\"og:type\" content=\"article\" \/>\n<meta property=\"og:title\" content=\"Incontinenza Leggera - Cottony\" \/>\n<meta property=\"og:description\" content=\"[vc_row kids-row=&#8221;kids-row-overlap&#8221; kids-parallax=&#8221;true&#8221;][vc_column][vc_row_inner][vc_column_inner width=&#8221;1\/3&#8243;][vc_column_text] Sentiti libera! Per l\u2019incontinenza leggera scegli \u201cl\u2019esperienza\u201d del cotone. RISPETTO DELLA PELLE Studiato per le pelli sensibili perch\u00e9 aiuta a ridurre le irritazioni IPOALLERGENICO Il cotone \u00e8 amico della pelle perch\u00e9 \u00e8 compatibile con il suo Ph. Il puro cotone pu\u00f2 aiutare a prevenire e risolvere irritazioni e arrossamenti ASSORBIMENTO RAPIDO [&hellip;]\" \/>\n<meta property=\"og:url\" content=\"https:\/\/cottony.it\/en\/incontinenza-leggera\/\" \/>\n<meta property=\"og:site_name\" content=\"Cottony\" \/>\n<meta property=\"article:modified_time\" content=\"2019-05-24T17:36:18+00:00\" \/>\n<meta name=\"twitter:card\" content=\"summary_large_image\" \/>\n<meta name=\"twitter:label1\" content=\"Est. reading time\" \/>\n\t<meta name=\"twitter:data1\" content=\"1 minute\" \/>\n<script type=\"application\/ld+json\" class=\"yoast-schema-graph\">{\"@context\":\"https:\/\/schema.org\",\"@graph\":[{\"@type\":\"WebPage\",\"@id\":\"https:\/\/cottony.it\/en\/incontinenza-leggera\/\",\"url\":\"https:\/\/cottony.it\/en\/incontinenza-leggera\/\",\"name\":\"Incontinenza Leggera - Cottony\",\"isPartOf\":{\"@id\":\"https:\/\/cottony.it\/#website\"},\"datePublished\":\"2018-12-28T18:39:07+00:00\",\"dateModified\":\"2019-05-24T17:36:18+00:00\",\"breadcrumb\":{\"@id\":\"https:\/\/cottony.it\/en\/incontinenza-leggera\/#breadcrumb\"},\"inLanguage\":\"en-US\",\"potentialAction\":[{\"@type\":\"ReadAction\",\"target\":[\"https:\/\/cottony.it\/en\/incontinenza-leggera\/\"]}]},{\"@type\":\"BreadcrumbList\",\"@id\":\"https:\/\/cottony.it\/en\/incontinenza-leggera\/#breadcrumb\",\"itemListElement\":[{\"@type\":\"ListItem\",\"position\":1,\"name\":\"Home\",\"item\":\"https:\/\/cottony.it\/en\/\"},{\"@type\":\"ListItem\",\"position\":2,\"name\":\"Incontinenza Leggera\"}]},{\"@type\":\"WebSite\",\"@id\":\"https:\/\/cottony.it\/#website\",\"url\":\"https:\/\/cottony.it\/\",\"name\":\"Cottony\",\"description\":\"Cottony\",\"publisher\":{\"@id\":\"https:\/\/cottony.it\/#organization\"},\"potentialAction\":[{\"@type\":\"SearchAction\",\"target\":{\"@type\":\"EntryPoint\",\"urlTemplate\":\"https:\/\/cottony.it\/?s={search_term_string}\"},\"query-input\":{\"@type\":\"PropertyValueSpecification\",\"valueRequired\":true,\"valueName\":\"search_term_string\"}}],\"inLanguage\":\"en-US\"},{\"@type\":\"Organization\",\"@id\":\"https:\/\/cottony.it\/#organization\",\"name\":\"Cottony\",\"url\":\"https:\/\/cottony.it\/\",\"logo\":{\"@type\":\"ImageObject\",\"inLanguage\":\"en-US\",\"@id\":\"https:\/\/cottony.it\/#\/schema\/logo\/image\/\",\"url\":\"https:\/\/cottony.it\/wp-content\/uploads\/2019\/05\/logo-150-150.png\",\"contentUrl\":\"https:\/\/cottony.it\/wp-content\/uploads\/2019\/05\/logo-150-150.png\",\"width\":150,\"height\":150,\"caption\":\"Cottony\"},\"image\":{\"@id\":\"https:\/\/cottony.it\/#\/schema\/logo\/image\/\"}}]}<\/script>\n<!-- \/ Yoast SEO plugin. -->","yoast_head_json":{"title":"Incontinenza Leggera - Cottony","robots":{"index":"index","follow":"follow","max-snippet":"max-snippet:-1","max-image-preview":"max-image-preview:large","max-video-preview":"max-video-preview:-1"},"canonical":"https:\/\/cottony.it\/en\/incontinenza-leggera\/","og_locale":"en_US","og_type":"article","og_title":"Incontinenza Leggera - Cottony","og_description":"[vc_row kids-row=&#8221;kids-row-overlap&#8221; kids-parallax=&#8221;true&#8221;][vc_column][vc_row_inner][vc_column_inner width=&#8221;1\/3&#8243;][vc_column_text] Sentiti libera! Per l\u2019incontinenza leggera scegli \u201cl\u2019esperienza\u201d del cotone. RISPETTO DELLA PELLE Studiato per le pelli sensibili perch\u00e9 aiuta a ridurre le irritazioni IPOALLERGENICO Il cotone \u00e8 amico della pelle perch\u00e9 \u00e8 compatibile con il suo Ph. Il puro cotone pu\u00f2 aiutare a prevenire e risolvere irritazioni e arrossamenti ASSORBIMENTO RAPIDO [&hellip;]","og_url":"https:\/\/cottony.it\/en\/incontinenza-leggera\/","og_site_name":"Cottony","article_modified_time":"2019-05-24T17:36:18+00:00","twitter_card":"summary_large_image","twitter_misc":{"Est. reading time":"1 minute"},"schema":{"@context":"https:\/\/schema.org","@graph":[{"@type":"WebPage","@id":"https:\/\/cottony.it\/en\/incontinenza-leggera\/","url":"https:\/\/cottony.it\/en\/incontinenza-leggera\/","name":"Incontinenza Leggera - Cottony","isPartOf":{"@id":"https:\/\/cottony.it\/#website"},"datePublished":"2018-12-28T18:39:07+00:00","dateModified":"2019-05-24T17:36:18+00:00","breadcrumb":{"@id":"https:\/\/cottony.it\/en\/incontinenza-leggera\/#breadcrumb"},"inLanguage":"en-US","potentialAction":[{"@type":"ReadAction","target":["https:\/\/cottony.it\/en\/incontinenza-leggera\/"]}]},{"@type":"BreadcrumbList","@id":"https:\/\/cottony.it\/en\/incontinenza-leggera\/#breadcrumb","itemListElement":[{"@type":"ListItem","position":1,"name":"Home","item":"https:\/\/cottony.it\/en\/"},{"@type":"ListItem","position":2,"name":"Incontinenza Leggera"}]},{"@type":"WebSite","@id":"https:\/\/cottony.it\/#website","url":"https:\/\/cottony.it\/","name":"Cottony","description":"Cottony","publisher":{"@id":"https:\/\/cottony.it\/#organization"},"potentialAction":[{"@type":"SearchAction","target":{"@type":"EntryPoint","urlTemplate":"https:\/\/cottony.it\/?s={search_term_string}"},"query-input":{"@type":"PropertyValueSpecification","valueRequired":true,"valueName":"search_term_string"}}],"inLanguage":"en-US"},{"@type":"Organization","@id":"https:\/\/cottony.it\/#organization","name":"Cottony","url":"https:\/\/cottony.it\/","logo":{"@type":"ImageObject","inLanguage":"en-US","@id":"https:\/\/cottony.it\/#\/schema\/logo\/image\/","url":"https:\/\/cottony.it\/wp-content\/uploads\/2019\/05\/logo-150-150.png","contentUrl":"https:\/\/cottony.it\/wp-content\/uploads\/2019\/05\/logo-150-150.png","width":150,"height":150,"caption":"Cottony"},"image":{"@id":"https:\/\/cottony.it\/#\/schema\/logo\/image\/"}}]}},"_links":{"self":[{"href":"https:\/\/cottony.it\/en\/wp-json\/wp\/v2\/pages\/557","targetHints":{"allow":["GET"]}}],"collection":[{"href":"https:\/\/cottony.it\/en\/wp-json\/wp\/v2\/pages"}],"about":[{"href":"https:\/\/cottony.it\/en\/wp-json\/wp\/v2\/types\/page"}],"author":[{"embeddable":true,"href":"https:\/\/cottony.it\/en\/wp-json\/wp\/v2\/users\/1"}],"replies":[{"embeddable":true,"href":"https:\/\/cottony.it\/en\/wp-json\/wp\/v2\/comments?post=557"}],"version-history":[{"count":9,"href":"https:\/\/cottony.it\/en\/wp-json\/wp\/v2\/pages\/557\/revisions"}],"predecessor-version":[{"id":883,"href":"https:\/\/cottony.it\/en\/wp-json\/wp\/v2\/pages\/557\/revisions\/883"}],"wp:attachment":[{"href":"https:\/\/cottony.it\/en\/wp-json\/wp\/v2\/media?parent=557"}],"curies":[{"name":"wp","href":"https:\/\/api.w.org\/{rel}","templated":true}]}}